{"id":2929,"date":"2023-02-28T14:43:10","date_gmt":"2023-02-28T14:43:10","guid":{"rendered":"https:\/\/poly-lab.com\/?page_id=2929"},"modified":"2024-01-09T09:08:51","modified_gmt":"2024-01-09T09:08:51","slug":"data-protection","status":"publish","type":"page","link":"https:\/\/poly-lab.com\/sl\/data-protection\/","title":{"rendered":"data protection"},"content":{"rendered":"<div data-elementor-type=\"wp-page\" data-elementor-id=\"2929\" class=\"elementor elementor-2929\" data-elementor-post-type=\"page\">\n\t\t\t\t\t\t<section class=\"elementor-section elementor-top-section elementor-element elementor-element-7eea291 elementor-section-stretched elementor-section-boxed elementor-section-height-default elementor-section-height-default\" data-id=\"7eea291\" data-element_type=\"section\" data-settings=\"{&quot;stretch_section&quot;:&quot;section-stretched&quot;,&quot;background_background&quot;:&quot;classic&quot;,&quot;jet_parallax_layout_list&quot;:[]}\">\n\t\t\t\t\t\t<div class=\"elementor-container elementor-column-gap-default\">\n\t\t\t\t\t<div class=\"elementor-column elementor-col-100 elementor-top-column elementor-element elementor-element-cc5f9ac\" data-id=\"cc5f9ac\" data-element_type=\"column\">\n\t\t\t<div class=\"elementor-widget-wrap elementor-element-populated\">\n\t\t\t\t\t\t<div class=\"elementor-element elementor-element-5ddc009 elementor-widget__width-inherit elementor-widget elementor-widget-heading\" data-id=\"5ddc009\" data-element_type=\"widget\" data-settings=\"{&quot;motion_fx_motion_fx_scrolling&quot;:&quot;yes&quot;,&quot;motion_fx_opacity_effect&quot;:&quot;yes&quot;,&quot;motion_fx_opacity_range&quot;:{&quot;unit&quot;:&quot;%&quot;,&quot;size&quot;:&quot;&quot;,&quot;sizes&quot;:{&quot;start&quot;:18,&quot;end&quot;:39}},&quot;motion_fx_opacity_direction&quot;:&quot;out-in&quot;,&quot;motion_fx_opacity_level&quot;:{&quot;unit&quot;:&quot;px&quot;,&quot;size&quot;:10,&quot;sizes&quot;:[]},&quot;motion_fx_devices&quot;:[&quot;desktop&quot;,&quot;tablet&quot;,&quot;mobile&quot;]}\" data-widget_type=\"heading.default\">\n\t\t\t\t<div class=\"elementor-widget-container\">\n\t\t\t<style>\/*! elementor - v3.22.0 - 26-06-2024 *\/\n.elementor-heading-title{padding:0;margin:0;line-height:1}.elementor-widget-heading .elementor-heading-title[class*=elementor-size-]>a{color:inherit;font-size:inherit;line-height:inherit}.elementor-widget-heading .elementor-heading-title.elementor-size-small{font-size:15px}.elementor-widget-heading .elementor-heading-title.elementor-size-medium{font-size:19px}.elementor-widget-heading .elementor-heading-title.elementor-size-large{font-size:29px}.elementor-widget-heading .elementor-heading-title.elementor-size-xl{font-size:39px}.elementor-widget-heading .elementor-heading-title.elementor-size-xxl{font-size:59px}<\/style><h2 class=\"elementor-heading-title elementor-size-default\">Varstvo osebnih podatkov\n<\/h2>\t\t<\/div>\n\t\t\t\t<\/div>\n\t\t\t\t<div class=\"elementor-element elementor-element-e708676 elementor-widget elementor-widget-heading\" data-id=\"e708676\" data-element_type=\"widget\" data-widget_type=\"heading.default\">\n\t\t\t\t<div class=\"elementor-widget-container\">\n\t\t\t<h2 class=\"elementor-heading-title elementor-size-default\">POLITIKA ZASEBNOSTI IN VAROVANJA OSEBNIH PODATKOV: Podjetje CHILI FILMS d.o.o., kot upravljavec spletnega mesta \nwww.chili-films.com, veliko pozornosti posve\u010da za\u0161\u010diti va\u0161ih osebnih podatkov. Z va\u0161imi podatki ravnamo z najve\u010djo mo\u017eno skrbnostjo in varnostjo ter skladno z veljavnimi predpisi v Republiki Sloveniji s podro\u010dja varstva osebnih podatkov, predvsem pa skladno z Zakonom o varstvu osebnih podatkov in Splo\u0161no uredbo EU o varstvu podatkov. Obdelavo podatkov izvajajo le za to poobla\u0161\u010dene osebe in na\u0161i skrbno izbrani obdelovalci. Obdelava se izvaja na podlagi ene izmed zakonitih pravnih podlag.\n\n<br><br>\nPOOBLA\u0160\u010cENA OSEBA ZA VARSTVO PODATKOV: V kolikor imate kakr\u0161na koli vpra\u0161anja glede na\u0161e Politike zasebnosti in varovanja osebnih podatkov ali obdelave va\u0161ih osebnih podatkov, se lahko kadarkoli obrnete na na\u0161o poobla\u0161\u010deno osebo za varstvo podatkov, in sicer na elektronski naslov info@chili-films.com ali cast@chili-films.com.\n<br><br>\n\nZBIRANJE IN OBDELAVA OSEBNIH PODATKOV: Osebni podatki so vsi podatki, ki identificirajo posameznika, kot na primer ime in priimek, naslov, elektronski naslov, slike, video vsebina, kontakti, datum rojstva ipd.. Va\u0161ih osebnih podatkov ne pridobivamo brez \nva\u0161ega prostovoljnega pisnega ali ustnega soglasja oziroma va\u0161ega posredovanja podatkov (vnos podatkov v za to predvidene obrazce z namenom vpisa v casting bazo, lokacijsko bazo, bazo izvajalcev ali bazo naro\u010dnikov na spletni strani www.chili-films.com oz. preko \ne-naslova info@chili-films.com ali cast@chili-films.com). Ob posredovanju va\u0161ih osebnih podatkov na na\u0161 e-mail ali preko kontaktnega obrazca na na\u0161i spletni strani, se avtomatsko strinjate z obdelavo v obsegu in z namenom, za katerega ste osebne podatke posredovali. Ve\u010d o namenih obdelave si preberite v nadaljevanju.\n<br><br>\n\nNAMENI OBDELAVE IN PRENOS OSEBNIH PODATKOV: Podjetje CHILI FILMS d.o.o. lahko va\u0161e osebne podatke obdeluje na podlagi izrecne privolitve, va\u0161e podaje ustnega ali pisnega soglasja oziroma posredovanja va\u0161ih podatkov na na\u0161 e-mail oziroma preko kontaktnega obrazca na na\u0161i spletni strani www.chili-films.com z namenom vpisa v casting bazo, lokacijsko bazo, bazo izvajalcev ali bazo naro\u010dnikov. S podajo pisnega ali ustnega soglasja ali s posredovanjem va\u0161ih osebnih podatkov za casting bazo, lokacijsko bazo, bazo izvajalcev ali bazo naro\u010dnikov na na\u0161 e-mail, se avtomatsko strinjate, da va\u0161e podatke uporabljamo za sistemsko in tehni\u010dno obve\u0161\u010danje, za ponujanje storitev, ki so namenjene vpisanim oz. prijavljenim uporabnikom ter za komuniciranje preko razli\u010dnih kanalov (elektronska po\u0161ta, telefonske ali GSM \u0161tevilke). Pri vsakem posredovanju va\u0161ih osebnih podatkov poskrbimo za ustrezne tehni\u010dne in organizacijske ukrepe z namenom za\u0161\u010dite va\u0161ih osebnih podatkov. Podatkov ne posredujemo tretjim osebam, ali prena\u0161amo v tretje dr\u017eave, v kolikor za tak prenos nimamo va\u0161ega ustnega ali pisnega soglasja oziroma druge ustrezne pravne podlage. Na podlagi mednarodnih pogodb, predpisov EU ter nacionalnih zakonov lahko va\u0161e podatke posredujemo poobla\u0161\u010denim osebam in pristojnim dr\u017eavnim organom, ki za pridobivanje in obdelavo podatkov razpolagajo z ustrezno pravno podlago v svojih zakonskih predpisih. V\u010dlanitev je namenjena osebam starej\u0161im od 16 let. Podatek o starosti ni pogoj za vpis v casting bazo, lokacijsko bazo, bazo izvajalcev ali bazo naro\u010dnikov na spletni strani www.chili-films.com in nismo pristojni preverjati, kateri podatki se nana\u0161ajo na osebe mlaj\u0161e od 16 let. Star\u0161em in zakonitim zastopnikom otrok mlaj\u0161ih od 16 let svetujemo, da o varni uporabi spleta in posredovanju svojih osebnih podatkov ustrezno pou\u010dijo otroke mlaj\u0161e od 16 let.\n<br><br>\nPI\u0160KOTKI: Spletno mesto www.chili-films.com uporablja razli\u010dne vrste pi\u0161kotkov. Pi\u0161kotki so alfanumeri\u010dni identifikatorji, ki se nalo\u017eijo na uporabnikov trdi disk in omogo\u010dajo prepoznavanje uporabnika ob naslednjem obisku. Tako vam ni potrebno vna\u0161ati istih podatkov pri prijavi in uporabi storitev teh spletnih strani.\n<br><br>\n\nROK HRAMBE: Va\u0161e osebne podatke hranimo skladno s predpisanimi roki hrambe oziroma do izpolnitve namena, za katerega so bili pridobljeni. Osebne podatke pridobljene na podlagi va\u0161ega posredovanja osebnih podatkov oziroma pisnega ali ustnega soglasja hranimo do preklica, v kolikor ni druga\u010den rok predviden v podanem soglasju ali dolo\u010den z zakonom. Brisanje podatkov je mo\u017eno na podlagi zahtevka uporabnika posredovanega na naslov ali elektronski naslov upravljavca.\n\n<br><br>\n\nPRAVICE POSAMEZNIKOV: Posamezniki oziroma uporabniki spletne strani www.chili-films.com sami vna\u0161ate in posredujete va\u0161e osebne podatke. Zaradi zagotavljanja to\u010dnosti in a\u017eurnosti va\u0161ih osebnih podatkov nas nemudoma obvestite o kakr\u0161ni koli spremembi na elektronski naslov info@chili-films.com ali cast@chili-films.com.\n\nObve\u0161\u010damo vas, da lahko podano soglasje delno ali v celoti kadarkoli prekli\u010dete. Zahtevo za preklic soglasja lahko posredujete na naslov CHILI FILMS d.o.o., Ulica bratov U\u010dakar 6, 1000 Ljubljana ali elektronski naslov info@chili-films.com ali cast@chili-films.com. \nO na\u0161i odlo\u010ditvi vas bomo pisno obvestili. V kolikor va\u0161i zahtevi ugodimo se bodo tak\u0161ni osebni podatki nemudoma prenehali obdelovati za namen, katerega soglasje je bilo preklicano. Preklic soglasja ne vpliva na zakonitost obdelave, izvedene v skladu s soglasjem pred preklicem. Seznanjamo vas, da va\u0161e zgoraj navedene pravice niso absolutne in jih moramo izpolniti zgolj v dolo\u010denih primerih. Ob uveljavljanju va\u0161ih pravic bomo najprej preverili va\u0161o identiteto, saj navedene pravice lahko uveljavlja samo imetnik osebnih podatkov. V primeru suma, da se va\u0161i podatki ne obdelujejo skladno z veljavnimi predpisi s podro\u010dja varstva osebnih podatkov, imate pravico do prito\u017ebe pri Informacijskem poobla\u0161\u010dencu RS.\n\n<br><br>\n\nAVTOMATIZIRANA OBDELAVA PODATKOV: Obve\u0161\u010damo vas, da lahko avtomatizirano obdelujemo tudi dolo\u010dene informacije, ki jih uporabljamo za interne raziskave, da bi izbolj\u0161ali na\u0161e storitve, za statisti\u010dne obdelave in iz varnostnih razlogov. Te informacije so geolokacijski podatki (v kolikor to omogo\u010dite), uporabljen spletni brskalnik in trenuten IP naslov osebnega ra\u010dunalnika, ipd.. \nObve\u0161\u010damo vas, da imate pravico ugovarjati sprejemanju odlo\u010ditev na podlagi zgolj avtomatizirane obdelave va\u0161ih podatkov razen, ko je tak\u0161na odlo\u010ditev nujno potrebna za prepre\u010devanje zlorab in utaj na podlagi predpisov EU in nacionalne zakonodaje, za sklepanje in izvajanje pogodb med posameznikom in podjetjem CHILI FILMS d.o.o. ali temelji na va\u0161i izrecni privolitvi.\n\n<br><br>\nVELJAVNOST IN SPREMEMBE: Ta politika zasebnosti stopi v veljavo z dnem objave. Upravljavec si pridr\u017euje pravico do sprememb brez kakr\u0161negakoli predhodnega obvestila. Vse spremembe bodo objavljene na teh spletnih straneh in stopijo v veljavo z dnem objave na tem spletnem mestu. Upravljavec va\u0161ih podatkov je dru\u017eba: CHILI FILMS d.o.o., Ulica bratov U\u010dakar 6, 1000 Ljubljana, e-naslov: info@chili-films.com, dne 12.09.2019\n<br><br>\n\nS posredovanjem va\u0161ih osebnih podatkov za casting in lokacijsko bazo preko na\u0161ega e-naslova info@chili-films.com \nali cast@chili-films.com, se avtomatsko strinjate z GDPR politiko zasebnosti in varovanja osebnih podatkov ter dovoljujete, \nda se va\u0161i osebni podatki hranijo v evidenci podjetja CHILI FILMS d.o.o.<\/h2>\t\t<\/div>\n\t\t\t\t<\/div>\n\t\t\t\t\t<\/div>\n\t\t<\/div>\n\t\t\t\t\t<\/div>\n\t\t<\/section>\n\t\t\t\t<\/div>","protected":false},"excerpt":{"rendered":"<p>Data protection PRIVACY POLICY AND DATA PROTECTION: The company CHILI FILMS d.o.o., as the operator of the website www.chili-films.com, pays great attention to protecting your personal data. We handle your data with the utmost care and security and in accordance with the applicable regulations in the Republic of Slovenia in the field of personal data [&hellip;]<\/p>","protected":false},"author":1,"featured_media":0,"parent":0,"menu_order":0,"comment_status":"closed","ping_status":"closed","template":"templates\/template-fullwidth.php","meta":{"footnotes":""},"class_list":["post-2929","page","type-page","status-publish","hentry"],"acf":[],"_links":{"self":[{"href":"https:\/\/poly-lab.com\/sl\/wp-json\/wp\/v2\/pages\/2929","targetHints":{"allow":["GET"]}}],"collection":[{"href":"https:\/\/poly-lab.com\/sl\/wp-json\/wp\/v2\/pages"}],"about":[{"href":"https:\/\/poly-lab.com\/sl\/wp-json\/wp\/v2\/types\/page"}],"author":[{"embeddable":true,"href":"https:\/\/poly-lab.com\/sl\/wp-json\/wp\/v2\/users\/1"}],"replies":[{"embeddable":true,"href":"https:\/\/poly-lab.com\/sl\/wp-json\/wp\/v2\/comments?post=2929"}],"version-history":[{"count":59,"href":"https:\/\/poly-lab.com\/sl\/wp-json\/wp\/v2\/pages\/2929\/revisions"}],"predecessor-version":[{"id":6686,"href":"https:\/\/poly-lab.com\/sl\/wp-json\/wp\/v2\/pages\/2929\/revisions\/6686"}],"wp:attachment":[{"href":"https:\/\/poly-lab.com\/sl\/wp-json\/wp\/v2\/media?parent=2929"}],"curies":[{"name":"wp","href":"https:\/\/api.w.org\/{rel}","templated":true}]}}