{"id":2392,"date":"2023-02-05T08:24:50","date_gmt":"2023-02-05T08:24:50","guid":{"rendered":"https:\/\/poly-lab.com\/?page_id=2392"},"modified":"2024-05-30T16:48:15","modified_gmt":"2024-05-30T16:48:15","slug":"about","status":"publish","type":"page","link":"https:\/\/poly-lab.com\/sl\/about\/","title":{"rendered":"about"},"content":{"rendered":"<div data-elementor-type=\"wp-page\" data-elementor-id=\"2392\" class=\"elementor elementor-2392\" data-elementor-post-type=\"page\">\n\t\t\t\t\t\t<section class=\"elementor-section elementor-top-section elementor-element elementor-element-7eea291 elementor-section-stretched elementor-section-boxed elementor-section-height-default elementor-section-height-default\" data-id=\"7eea291\" data-element_type=\"section\" data-settings=\"{&quot;stretch_section&quot;:&quot;section-stretched&quot;,&quot;background_background&quot;:&quot;classic&quot;,&quot;jet_parallax_layout_list&quot;:[]}\">\n\t\t\t\t\t\t<div class=\"elementor-container elementor-column-gap-default\">\n\t\t\t\t\t<div class=\"elementor-column elementor-col-50 elementor-top-column elementor-element elementor-element-0d8420d\" data-id=\"0d8420d\" data-element_type=\"column\">\n\t\t\t<div class=\"elementor-widget-wrap elementor-element-populated\">\n\t\t\t\t\t\t<div class=\"elementor-element elementor-element-428bca1 custom-lily-banner elementor-widget__width-inherit elementor-widget-mobile__width-initial elementor-widget-tablet__width-initial elementor-widget elementor-widget-jet-banner\" data-id=\"428bca1\" data-element_type=\"widget\" data-settings=\"{&quot;sticky&quot;:&quot;top&quot;,&quot;sticky_offset&quot;:110,&quot;sticky_on&quot;:[&quot;desktop&quot;,&quot;tablet&quot;],&quot;sticky_parent&quot;:&quot;yes&quot;,&quot;sticky_offset_tablet&quot;:110,&quot;sticky_effects_offset&quot;:0}\" data-widget_type=\"jet-banner.default\">\n\t\t\t\t<div class=\"elementor-widget-container\">\n\t\t\t<div class=\"elementor-jet-banner jet-elements\"><figure class=\"jet-banner jet-effect-lily\"><a href=\"#elementor-action:action=popup:open&settings=eyJpZCI6IjY2ODciLCJ0b2dnbGUiOmZhbHNlfQ==\" class=\"jet-banner__link\"><div class=\"jet-banner__overlay\"><\/div><img decoding=\"async\" src=\"https:\/\/poly-lab.com\/wp-content\/uploads\/2024\/05\/1-scaled.jpg\" alt=\"1\" width=\"100%\" height=\"100%\" class=\"jet-banner__img\"><figcaption class=\"jet-banner__content\"><div class=\"jet-banner__content-wrap\"><div class=\"jet-banner__text\">V zakulisju<\/div><\/div><\/figcaption><\/a><\/figure>\n<\/div>\t\t<\/div>\n\t\t\t\t<\/div>\n\t\t\t\t<div class=\"elementor-element elementor-element-117df1a elementor-hidden-desktop elementor-widget-mobile__width-initial elementor-hidden-tablet elementor-view-default elementor-widget elementor-widget-icon\" data-id=\"117df1a\" data-element_type=\"widget\" data-widget_type=\"icon.default\">\n\t\t\t\t<div class=\"elementor-widget-container\">\n\t\t\t\t\t<div class=\"elementor-icon-wrapper\">\n\t\t\t<div class=\"elementor-icon\">\n\t\t\t<svg xmlns=\"http:\/\/www.w3.org\/2000\/svg\" xmlns:xlink=\"http:\/\/www.w3.org\/1999\/xlink\" id=\"Layer_1\" x=\"0px\" y=\"0px\" viewbox=\"0 0 476.213 476.213\" style=\"enable-background:new 0 0 476.213 476.213;\" xml:space=\"preserve\"><polygon points=\"345.606,107.5 324.394,128.713 418.787,223.107 0,223.107 0,253.107 418.787,253.107 324.394,347.5  345.606,368.713 476.213,238.106 \"><\/polygon><g><\/g><g><\/g><g><\/g><g><\/g><g><\/g><g><\/g><g><\/g><g><\/g><g><\/g><g><\/g><g><\/g><g><\/g><g><\/g><g><\/g><g><\/g><\/svg>\t\t\t<\/div>\n\t\t<\/div>\n\t\t\t\t<\/div>\n\t\t\t\t<\/div>\n\t\t\t\t\t<\/div>\n\t\t<\/div>\n\t\t\t\t<div class=\"elementor-column elementor-col-50 elementor-top-column elementor-element elementor-element-cc5f9ac\" data-id=\"cc5f9ac\" data-element_type=\"column\">\n\t\t\t<div class=\"elementor-widget-wrap elementor-element-populated\">\n\t\t\t\t\t\t<div class=\"elementor-element elementor-element-fb7193f elementor-widget elementor-widget-text-editor\" data-id=\"fb7193f\" data-element_type=\"widget\" data-settings=\"{&quot;motion_fx_motion_fx_scrolling&quot;:&quot;yes&quot;,&quot;motion_fx_devices&quot;:[&quot;desktop&quot;,&quot;tablet&quot;,&quot;mobile&quot;]}\" data-widget_type=\"text-editor.default\">\n\t\t\t\t<div class=\"elementor-widget-container\">\n\t\t\t<style>\/*! elementor - v3.22.0 - 26-06-2024 *\/\n.elementor-widget-text-editor.elementor-drop-cap-view-stacked .elementor-drop-cap{background-color:#69727d;color:#fff}.elementor-widget-text-editor.elementor-drop-cap-view-framed .elementor-drop-cap{color:#69727d;border:3px solid;background-color:transparent}.elementor-widget-text-editor:not(.elementor-drop-cap-view-default) .elementor-drop-cap{margin-top:8px}.elementor-widget-text-editor:not(.elementor-drop-cap-view-default) .elementor-drop-cap-letter{width:1em;height:1em}.elementor-widget-text-editor .elementor-drop-cap{float:left;text-align:center;line-height:1;font-size:50px}.elementor-widget-text-editor .elementor-drop-cap-letter{display:inline-block}<\/style>\t\t\t\t<p>Smo najbolj peko\u010da filmska produkcija na trgu, ki verjame v tri klju\u010dna pravila:<\/p><p class=\" translation-block\">\/ Navdihujo\u010de ustvarjalno razmi\u0161ljanje\n<br>\/ Zagotavljanje visoko kakovostnih izdelkov in rezultatov \n<br>\/ Grajenje izjemnih, dolgoro\u010dnih odnosov<\/p><p class=\" translation-block\">Zgodba podjetja <b>chili<\/b> films izvira iz neizmerne strasti do filma, sodobnega \u017eivljenjskega sloga, glasbe, ekstremnih \u0161portov, kreativnosti in umetnosti.<\/p><p>Na\u0161a strast do filma in fotografije se je za\u010dela v skateboarding industriji. \nLeta 2017 smo se odlo\u010dili, da to strast spremenimo v poslovno realnost in ustvarimo profesionalno filmsko produkcijsko podjetje, ki bo premikalo meje in ustvarjalo nove, edinstvene zgodbe v filmski ogla\u0161evalski industriji.<\/p><p class=\" translation-block\">Imamo dolgoletne izku\u0161nje v filmski industriji, foto produkciji, urejanju video vsebine, barvne korekcije, oblikovanju zvoka, animacije v 2D, 3D, CGI in hologramskih oblikah, 3D renderjih notranjih in zunanjih prostorov, virtualnih sprehodov, dru\u017ebenih omre\u017eij ter ogla\u0161evanju. Govorimo lokalno in mednarodne zgodbe.<\/p><p>Na\u0161e znanje in modrost izhaja iz razli\u010dnih digitalnih projektov in visoko zahtevnih re\u017eiranih TV vsebin iz razli\u010dnih panog.<\/p><p>Kot del podjetja, ki postavlja trende, smo ponosni na profesionalne storitve, hitro in u\u010dinkovito dostavo, odzivno komunikacijo in visoko kakovostne rezultate.<\/p><p class=\" translation-block\"><b>chili<\/b> je 100% predan na\u0161im strankam in vedno odprt za nekaj novega, nekaj <b>peko\u010dega.<\/b><\/p>\t\t\t\t\t\t<\/div>\n\t\t\t\t<\/div>\n\t\t\t\t\t<\/div>\n\t\t<\/div>\n\t\t\t\t\t<\/div>\n\t\t<\/section>\n\t\t\t\t<\/div>","protected":false},"excerpt":{"rendered":"<p>Behind the scenes We are the spiciest film production on the market who belives in three key rules: \/ Inspire creative thinking\/ Produce high quality products and results\/ Build exceptional, long term relationships The story of chili films originates from immense passion for film, new age lifestyle, music, extreme sports, creativity and art. Our passion [&hellip;]<\/p>","protected":false},"author":1,"featured_media":0,"parent":0,"menu_order":0,"comment_status":"closed","ping_status":"closed","template":"elementor_header_footer","meta":{"footnotes":""},"class_list":["post-2392","page","type-page","status-publish","hentry"],"acf":[],"_links":{"self":[{"href":"https:\/\/poly-lab.com\/sl\/wp-json\/wp\/v2\/pages\/2392","targetHints":{"allow":["GET"]}}],"collection":[{"href":"https:\/\/poly-lab.com\/sl\/wp-json\/wp\/v2\/pages"}],"about":[{"href":"https:\/\/poly-lab.com\/sl\/wp-json\/wp\/v2\/types\/page"}],"author":[{"embeddable":true,"href":"https:\/\/poly-lab.com\/sl\/wp-json\/wp\/v2\/users\/1"}],"replies":[{"embeddable":true,"href":"https:\/\/poly-lab.com\/sl\/wp-json\/wp\/v2\/comments?post=2392"}],"version-history":[{"count":511,"href":"https:\/\/poly-lab.com\/sl\/wp-json\/wp\/v2\/pages\/2392\/revisions"}],"predecessor-version":[{"id":7506,"href":"https:\/\/poly-lab.com\/sl\/wp-json\/wp\/v2\/pages\/2392\/revisions\/7506"}],"wp:attachment":[{"href":"https:\/\/poly-lab.com\/sl\/wp-json\/wp\/v2\/media?parent=2392"}],"curies":[{"name":"wp","href":"https:\/\/api.w.org\/{rel}","templated":true}]}}